{"id":87,"date":"2022-11-28T15:50:17","date_gmt":"2022-11-28T15:50:17","guid":{"rendered":"https:\/\/www.arleon.com.tr\/?page_id=87"},"modified":"2023-05-02T22:45:13","modified_gmt":"2023-05-02T22:45:13","slug":"open-source-contributions","status":"publish","type":"page","link":"https:\/\/www.arleon.com.tr\/tr\/open-source-contributions\/","title":{"rendered":"A\u00e7\u0131k kaynak katk\u0131lar"},"content":{"rendered":"<p><a href=\"https:\/\/www.arleon.com.tr\/tr\/ad-hoc-computing-framework\/\">Tasars\u0131z Hesaplama \u00c7er\u00e7eve Yaz\u0131l\u0131m\u0131<\/a><\/p>","protected":false},"excerpt":{"rendered":"<p>Tasars\u0131z Hesaplama \u00c7er\u00e7eve Yaz\u0131l\u0131m\u0131<\/p>","protected":false},"author":1,"featured_media":0,"parent":0,"menu_order":0,"comment_status":"closed","ping_status":"closed","template":"","meta":{"neve_meta_sidebar":"","neve_meta_container":"","neve_meta_enable_content_width":"","neve_meta_content_width":0,"neve_meta_title_alignment":"","neve_meta_author_avatar":"","neve_post_elements_order":"","neve_meta_disable_header":"","neve_meta_disable_footer":"","neve_meta_disable_title":"","footnotes":""},"class_list":["post-87","page","type-page","status-publish","hentry"],"_links":{"self":[{"href":"https:\/\/www.arleon.com.tr\/tr\/wp-json\/wp\/v2\/pages\/87","targetHints":{"allow":["GET"]}}],"collection":[{"href":"https:\/\/www.arleon.com.tr\/tr\/wp-json\/wp\/v2\/pages"}],"about":[{"href":"https:\/\/www.arleon.com.tr\/tr\/wp-json\/wp\/v2\/types\/page"}],"author":[{"embeddable":true,"href":"https:\/\/www.arleon.com.tr\/tr\/wp-json\/wp\/v2\/users\/1"}],"replies":[{"embeddable":true,"href":"https:\/\/www.arleon.com.tr\/tr\/wp-json\/wp\/v2\/comments?post=87"}],"version-history":[{"count":3,"href":"https:\/\/www.arleon.com.tr\/tr\/wp-json\/wp\/v2\/pages\/87\/revisions"}],"predecessor-version":[{"id":125,"href":"https:\/\/www.arleon.com.tr\/tr\/wp-json\/wp\/v2\/pages\/87\/revisions\/125"}],"wp:attachment":[{"href":"https:\/\/www.arleon.com.tr\/tr\/wp-json\/wp\/v2\/media?parent=87"}],"curies":[{"name":"wp","href":"https:\/\/api.w.org\/{rel}","templated":true}]}}